{"id":1081,"date":"2025-04-15T09:19:05","date_gmt":"2025-04-15T09:19:05","guid":{"rendered":"https:\/\/leoniepointet.athlezz.com\/rechtliche-hinweise\/"},"modified":"2025-07-22T14:15:32","modified_gmt":"2025-07-22T14:15:32","slug":"impressum","status":"publish","type":"page","link":"https:\/\/leoniepointet.ch\/de\/impressum\/","title":{"rendered":"Impressum"},"content":{"rendered":"\n<div class=\"c-container c-text-only  wp-block-acf-content-wysiwyg\">\n    <div class=\"c-row\">\n        <div class=\"c-col-8 c-text-block\">\n            <h2>Copyright<\/h2>\n<p>Die Texte, Bilder und Videos auf dieser Website sind urheberrechtlich gesch\u00fctzt. Ihre Nutzung ist ohne ausdr\u00fcckliche Genehmigung von L\u00e9onie Pointet untersagt.<\/p>\n<h3>Verantwortlich f\u00fcr den Inhalt<\/h3>\n<p>Global Sport Management<br \/>\nG\u00e9rard Scheidegger<br \/>\nPostgasse 1<br \/>\nCH-3272 Walperswil  <\/p>\n<p>E-Mail-Adresse: <a href=\"mailto:gs@globalsport.management\">gs@globalsport.management<\/a><\/p>\n<h3>Unsere Datenschutzerkl\u00e4rung<\/h3>\n<p>Lesen Sie unsere Datenschutzerkl\u00e4rung auf der folgenden Seite: <a href=\"https:\/\/leoniepointet.ch\/de\/datenschutz\/\">Datenschutzerkl\u00e4rung<\/a>.<\/p>\n<h2>Konzeption, Design &amp; Realisierung der Website<\/h2>\n<p>Die Website wurde mit dem <a href=\"http:\/\/www.athlezz.com\" target=\"_blank\" rel=\"noopener\">Athlezz<\/a> Service von <a href=\"http:\/\/www.neofluxe.com\/fr\/\" target=\"_blank\" rel=\"noopener\">neofluxe<\/a>, der Bieler Digitalagentur, erstellt.<\/p>\n<p>Athlezz bietet professionelle Kommunikation von Athleten als Dienstleistung. Die Dienstleistungen der Agentur, wie z.B. Webpr\u00e4senz, soziale Netzwerke, Autogrammkarten, Blogartikel (Ghostwriting) und vieles mehr, werden den Athleten als Service zu einem monatlichen Festpreis angeboten.<\/p>\n<p>Weitere Informationen: <a href=\"https:\/\/athlezz.com\/fr\/\" target=\"_blank\" rel=\"noopener\">www.athlezz.com<\/a><\/p>\n<h3>Kontaktdaten der Agentur<\/h3>\n<p>neofluxe &#8211; augment your business<br \/>\nFalkenstra\u00dfe 44<br \/>\nCH-2502 Biel\/Bienne<\/p>\n<p>Telefon <a href=\"tel:+41323224400\" target=\"_blank\" rel=\"noopener\">+41 32 322 44 00<\/a><br \/>\n<a href=\"http:\/\/www.neofluxe.com\" target=\"_blank\" rel=\"noopener\">www.neofluxe.com<\/a><\/p>\n        <\/div>\n    <\/div>\n<\/div>","protected":false},"excerpt":{"rendered":"","protected":false},"author":2,"featured_media":0,"parent":0,"menu_order":0,"comment_status":"closed","ping_status":"closed","template":"","meta":{"_acf_changed":false,"footnotes":""},"class_list":["post-1081","page","type-page","status-publish","hentry"],"acf":[],"_links":{"self":[{"href":"https:\/\/leoniepointet.ch\/de\/wp-json\/wp\/v2\/pages\/1081","targetHints":{"allow":["GET"]}}],"collection":[{"href":"https:\/\/leoniepointet.ch\/de\/wp-json\/wp\/v2\/pages"}],"about":[{"href":"https:\/\/leoniepointet.ch\/de\/wp-json\/wp\/v2\/types\/page"}],"author":[{"embeddable":true,"href":"https:\/\/leoniepointet.ch\/de\/wp-json\/wp\/v2\/users\/2"}],"replies":[{"embeddable":true,"href":"https:\/\/leoniepointet.ch\/de\/wp-json\/wp\/v2\/comments?post=1081"}],"version-history":[{"count":3,"href":"https:\/\/leoniepointet.ch\/de\/wp-json\/wp\/v2\/pages\/1081\/revisions"}],"predecessor-version":[{"id":1288,"href":"https:\/\/leoniepointet.ch\/de\/wp-json\/wp\/v2\/pages\/1081\/revisions\/1288"}],"wp:attachment":[{"href":"https:\/\/leoniepointet.ch\/de\/wp-json\/wp\/v2\/media?parent=1081"}],"curies":[{"name":"wp","href":"https:\/\/api.w.org\/{rel}","templated":true}]}}