{"id":1069,"date":"2025-04-15T07:44:37","date_gmt":"2025-04-15T07:44:37","guid":{"rendered":"https:\/\/leoniepointet.athlezz.com\/meine-welt\/"},"modified":"2025-11-26T13:19:52","modified_gmt":"2025-11-26T13:19:52","slug":"meine-welt","status":"publish","type":"page","link":"https:\/\/leoniepointet.ch\/de\/meine-welt\/","title":{"rendered":"Meine Welt"},"content":{"rendered":"\n<div id=\"section_title-portr\u00e4t-\" class=\"c-container c-section-title  wp-block-acf-section-title\">\n    <div class=\"c-row\">\n        <div class=\"c-col-8\">\n\t\t\t\t\t\t\t <h2>Portr\u00e4t  <\/h2>\t\t\t        <\/div>\n    <\/div>\n<\/div>\n\n\n<div class=\"c-container c-profile\">\n    <div class=\"c-row\">\n\t\t            <div class=\"c-col-4 c-text-block c-text-small\">\n\t\t\t\t                <dl class=\"c-profile-list\">\n\t\t\t\t\t\t\t\t\t\t\t                            <dt>Geburtsdatum<\/dt>\n\t\t\t\t\t\t\n\t\t\t\t\t\t                            <dd>17.02.2001<\/dd>\n\t\t\t\t\t\t\t\t\t\t\t\t\t\t\t\t\t                            <dt>Region<\/dt>\n\t\t\t\t\t\t\n\t\t\t\t\t\t                            <dd>Waadtl\u00e4nder Riviera  <\/dd>\n\t\t\t\t\t\t\t\t\t\t\t\t\t\t\t\t\t                            <dt>Land<\/dt>\n\t\t\t\t\t\t\n\t\t\t\t\t\t                            <dd>Schweiz<\/dd>\n\t\t\t\t\t\t\t\t\t\t\t\t\t\t\t\t\t                            <dt>Sprachen<\/dt>\n\t\t\t\t\t\t\n\t\t\t\t\t\t                            <dd>Franz\u00f6sisch, Deutsch, Englisch<\/dd>\n\t\t\t\t\t\t\t\t\t\t\t\t\t\t\t\t\t                            <dt>Ausbildung<\/dt>\n\t\t\t\t\t\t\n\t\t\t\t\t\t                            <dd>BSc HES-SO in Physiotherapie zu 50%.<\/dd>\n\t\t\t\t\t\t\t\t\t\t\t\t\t\t\t\t\t                            <dt>Werte<\/dt>\n\t\t\t\t\t\t\n\t\t\t\t\t\t                            <dd>Entschlossenheit, Arbeit, Anspruch, Leidenschaft  <\/dd>\n\t\t\t\t\t\t\t\t\t\t\t                <\/dl>\n            <\/div>\n\t\t            <div class=\"c-col-4 c-text-block c-text-small\">\n\t\t\t\t                <dl class=\"c-profile-list\">\n\t\t\t\t\t\t\t\t\t\t\t                            <dt>Disziplin<\/dt>\n\t\t\t\t\t\t\n\t\t\t\t\t\t                            <dd>100m &amp; 200m Sprint &#8211; 4x100m Staffel<\/dd>\n\t\t\t\t\t\t\t\t\t\t\t\t\t\t\t\t\t                            <dt>Club<\/dt>\n\t\t\t\t\t\t\n\t\t\t\t\t\t                            <dd>CA Riviera &#8211; Montreux (CA Riviera)<\/dd>\n\t\t\t\t\t\t\t\t\t\t\t\t\t\t\t\t\t                            <dt>Trainer<\/dt>\n\t\t\t\t\t\t\n\t\t\t\t\t\t                            <dd>Kenny Guex<\/dd>\n\t\t\t\t\t\t\t\t\t\t\t\t\t\t\t\t\t                            <dt>Athletenvertreter<\/dt>\n\t\t\t\t\t\t\n\t\t\t\t\t\t                            <dd>Lina Simons<\/dd>\n\t\t\t\t\t\t\t\t\t\t\t\t\t\t\t\t\t                            <dt>Kader \/ Verband<\/dt>\n\t\t\t\t\t\t\n\t\t\t\t\t\t                            <dd>Swiss Starters \/ Swiss Athletics<\/dd>\n\t\t\t\t\t\t\t\t\t\t\t                <\/dl>\n            <\/div>\n\t\t            <div class=\"c-col-4 c-text-block c-text-small\">\n\t\t\t\t                <dl class=\"c-profile-list\">\n\t\t\t\t\t\t\t\t\t\t\t                            <dt>Erfolge<\/dt>\n\t\t\t\t\t\t\n\t\t\t\t\t\t                            <dd>Bronzemedaille bei den U23-Europameisterschaften 2023 mit 4x100m-Staffel<\/dd>\n\t\t\t\t\t\t\t\t\t\t\t\t\t\t\t\t\t                            <dt> <\/dt>\n\t\t\t\t\t\t\n\t\t\t\t\t\t                            <dd>34. Platz bei den Olympischen Spielen 2024 in Paris \u00fcber 200m<\/dd>\n\t\t\t\t\t\t\t\t\t\t\t\t\t\t\t\t\t                            <dt> <\/dt>\n\t\t\t\t\t\t\n\t\t\t\t\t\t                            <dd>27. Platz bei den Weltmeisterschaften 2023 in Budapest \u00fcber 200m<\/dd>\n\t\t\t\t\t\t\t\t\t\t\t\t\t\t\t\t\t                            <dt> <\/dt>\n\t\t\t\t\t\t\n\t\t\t\t\t\t                            <dd>14. Platz bei den Europameisterschaften 2024 in Rom \u00fcber 200m<\/dd>\n\t\t\t\t\t\t\t\t\t\t\t\t\t\t\t\t\t\n\t\t\t\t\t\t                            <dd>Silbermedaille bei den World University Games 2025 \u00fcber 200n und 4x100m<\/dd>\n\t\t\t\t\t\t\t\t\t\t\t\t\t\t\t\t\t                            <dt>  H\u00f6hepunkte meiner Karriere<\/dt>\n\t\t\t\t\t\t\n\t\t\t\t\t\t                            <dd>Finalistin bei den Olympischen Spielen in Paris 2024 mit der 4x100m-Staffel.<\/dd>\n\t\t\t\t\t\t\t\t\t\t\t\t\t\t\t\t\t                            <dt> <\/dt>\n\t\t\t\t\t\t\n\t\t\t\t\t\t                            <dd>Finalistin bei den Europameisterschaften 2024 in Rom mit der 4x100m-Staffel<\/dd>\n\t\t\t\t\t\t\t\t\t\t\t\t\t\t\t\t\t                            <dt> <\/dt>\n\t\t\t\t\t\t\n\t\t\t\t\t\t                            <dd>Schweizer Meisterin 200m 2023<\/dd>\n\t\t\t\t\t\t\t\t\t\t\t\t\t\t\t\t\t                            <dt> <\/dt>\n\t\t\t\t\t\t\n\t\t\t\t\t\t                            <dd>Schweizer Vizemeisterin 200m 2024<\/dd>\n\t\t\t\t\t\t\t\t\t\t\t\t\t\t\t\t\t                            <dt> <\/dt>\n\t\t\t\t\t\t\n\t\t\t\t\t\t                            <dd>Schweizermeisterin 200m Indoor 2025, 2024 und 2022<\/dd>\n\t\t\t\t\t\t\t\t\t\t\t\t\t\t\t\t\t\n\t\t\t\t\t\t                            <dd>Gewinn Spitzen Leichtathletik Luzern 2025 \u00fcber 200m<\/dd>\n\t\t\t\t\t\t\t\t\t\t\t                <\/dl>\n            <\/div>\n\t\t    <\/div>\n<\/div>\n\n\n<div class=\"c-container-medium  wp-block-acf-content-images c-img-2col \">\n    <div class=\"c-row\">\n\n\t\t\n<div class=\"c-col-6\">\n    <figure>\n\t    <img loading=\"lazy\" decoding=\"async\" width=\"975\" height=\"650\" src=\"https:\/\/leoniepointet.ch\/wp-content\/uploads\/sites\/18\/leonie-2.jpg\" class=\"attachment-large size-large\" alt=\"\" srcset=\"https:\/\/leoniepointet.ch\/wp-content\/uploads\/sites\/18\/leonie-2.jpg 975w, https:\/\/leoniepointet.ch\/wp-content\/uploads\/sites\/18\/leonie-2-600x400.jpg 600w, https:\/\/leoniepointet.ch\/wp-content\/uploads\/sites\/18\/leonie-2-768x512.jpg 768w\" sizes=\"auto, (max-width: 975px) 100vw, 975px\" \/>\n\t\t    <\/figure>\n<\/div>\n<div class=\"c-col-6\">\n    <figure>\n\t    <img loading=\"lazy\" decoding=\"async\" width=\"975\" height=\"650\" src=\"https:\/\/leoniepointet.ch\/wp-content\/uploads\/sites\/18\/leonie-1.jpg\" class=\"attachment-large size-large\" alt=\"\" srcset=\"https:\/\/leoniepointet.ch\/wp-content\/uploads\/sites\/18\/leonie-1.jpg 975w, https:\/\/leoniepointet.ch\/wp-content\/uploads\/sites\/18\/leonie-1-600x400.jpg 600w, https:\/\/leoniepointet.ch\/wp-content\/uploads\/sites\/18\/leonie-1-768x512.jpg 768w\" sizes=\"auto, (max-width: 975px) 100vw, 975px\" \/>\n\t\t    <\/figure>\n<\/div>\n    <\/div>\n<\/div>\n\n\n<div class=\"c-container c-text-only  wp-block-acf-content-wysiwyg\">\n    <div class=\"c-row\">\n        <div class=\"c-col-8 c-text-block\">\n            <h2>Eine Leidenschaft, die mit mir w\u00e4chst.<\/h2>\n<p>Ich habe die Leichtathletik im Alter von 8 Jahren entdeckt, als ich in die Fu\u00dfstapfen meiner \u00e4lteren Schwester trat, und sehr schnell wurde der Sprint zu einer Selbstverst\u00e4ndlichkeit. Ich stamme aus der Region Riviera und habe meine Schulzeit am S\u00fcdhang des Mont-P\u00e8lerin verbracht, bevor ich das Gymnasium in Burier besuchte. Heute teile ich meine Zeit zwischen meiner sportlichen Karriere und einer 50%igen Ausbildung in Physiotherapie an der Haute \u00c9cole de Sant\u00e9 in Lausanne.  <\/p>\n<p>Das Jahr 2021 war ein Wendepunkt: Ich qualifizierte mich f\u00fcr meine erste internationale Meisterschaft in Tallinn, Estland. In dieser Saison verbesserten sich meine Zeiten auf spektakul\u00e4re Weise: eine halbe Sekunde weniger auf 100m und mehr als eine Sekunde weniger auf 200m. Das war der Ausl\u00f6ser f\u00fcr ein Ziel, das vor einigen Jahren noch in weiter Ferne schien: die Qualifikation f\u00fcr die Olympischen Spiele!  <\/p>\n<p>Im Jahr 2022 entschied ich mich im Zuge meiner Professionalisierung, mich der Gruppe von Kenny Guex anzuschlie\u00dfen, um mein Training zu optimieren. Diese Entscheidung zahlt sich aus: Nach Jahren harter Arbeit erf\u00fclle ich mir meinen Traum und nehme an den Olympischen Spielen in Paris 2024 teil. <\/p>\n<p>Seit Paris sind die Olympischen Spiele kein Traum mehr, den es zu verwirklichen gilt, sondern ein Ziel, das es zu erreichen gilt.<\/p>\n        <\/div>\n    <\/div>\n<\/div>\n\n\n<div class=\"c-container-medium  wp-block-acf-content-images c-img-2col \">\n    <div class=\"c-row\">\n\n\t\t\n<div class=\"c-col-6\">\n    <figure>\n\t    <img loading=\"lazy\" decoding=\"async\" width=\"800\" height=\"1197\" src=\"https:\/\/leoniepointet.ch\/wp-content\/uploads\/sites\/18\/apropos-2.jpg\" class=\"attachment-large size-large\" alt=\"\" srcset=\"https:\/\/leoniepointet.ch\/wp-content\/uploads\/sites\/18\/apropos-2.jpg 800w, https:\/\/leoniepointet.ch\/wp-content\/uploads\/sites\/18\/apropos-2-401x600.jpg 401w, https:\/\/leoniepointet.ch\/wp-content\/uploads\/sites\/18\/apropos-2-768x1149.jpg 768w\" sizes=\"auto, (max-width: 800px) 100vw, 800px\" \/>\n\t\t    <\/figure>\n<\/div>\n<div class=\"c-col-6\">\n    <figure>\n\t    <img loading=\"lazy\" decoding=\"async\" width=\"800\" height=\"1197\" src=\"https:\/\/leoniepointet.ch\/wp-content\/uploads\/sites\/18\/apropos-3.jpg\" class=\"attachment-large size-large\" alt=\"\" srcset=\"https:\/\/leoniepointet.ch\/wp-content\/uploads\/sites\/18\/apropos-3.jpg 800w, https:\/\/leoniepointet.ch\/wp-content\/uploads\/sites\/18\/apropos-3-401x600.jpg 401w, https:\/\/leoniepointet.ch\/wp-content\/uploads\/sites\/18\/apropos-3-768x1149.jpg 768w\" sizes=\"auto, (max-width: 800px) 100vw, 800px\" \/>\n\t\t    <\/figure>\n<\/div>\n    <\/div>\n<\/div>\n\n\n<div class=\"c-container c-text-img  wp-block-acf-content-media-text\">\n    <div class=\"c-row c-row-justify-between \">\n        <div class=\"c-col-5\">\n            <figure>\n\t\t\t\t<img loading=\"lazy\" decoding=\"async\" width=\"600\" height=\"400\" src=\"https:\/\/leoniepointet.ch\/wp-content\/uploads\/sites\/18\/apropos-4-600x400.jpg\" class=\"attachment-medium size-medium\" alt=\"\" srcset=\"https:\/\/leoniepointet.ch\/wp-content\/uploads\/sites\/18\/apropos-4-600x400.jpg 600w, https:\/\/leoniepointet.ch\/wp-content\/uploads\/sites\/18\/apropos-4-1280x853.jpg 1280w, https:\/\/leoniepointet.ch\/wp-content\/uploads\/sites\/18\/apropos-4-768x512.jpg 768w, https:\/\/leoniepointet.ch\/wp-content\/uploads\/sites\/18\/apropos-4-1536x1023.jpg 1536w, https:\/\/leoniepointet.ch\/wp-content\/uploads\/sites\/18\/apropos-4.jpg 1800w\" sizes=\"auto, (max-width: 600px) 100vw, 600px\" \/>\t\t\t\t            <\/figure>\n        <\/div>\n        <div class=\"c-col-6 c-text-block\">\n\t\t\t                <h2>Weiter schauen, h\u00f6her zielen.<\/h2>\n\t\t\t\t\t\t                <p>Die Olympischen Spiele in Paris 2024 waren ein Meilenstein in meiner Karriere, ein Erfolg und ein Neuanfang zugleich. Diese Erfahrung hat mir intensive Emotionen und wertvolle Erkenntnisse gebracht, die meine Entschlossenheit, noch weiter zu gehen, gest\u00e4rkt haben. <\/p>\n<p>Mein Blick ist nun auf Los Angeles 2028 gerichtet. Dieses Ziel erfordert einen stetigen Fortschritt, einen strengen Arbeitsrahmen und eine sorgf\u00e4ltige Planung. Ich werde alles daran setzen, mich in die Elite einzureihen und jeden Schritt auf dem Weg zur Spitze zu machen.  <\/p>\n\t\t\t        <\/div>\n    <\/div>\n<\/div>\n\n\n<div class=\"c-container c-text-img  wp-block-acf-content-media-text\">\n    <div class=\"c-row c-row-justify-between  c-row-reverse \">\n        <div class=\"c-col-5\">\n            <figure>\n\t\t\t\t<img loading=\"lazy\" decoding=\"async\" width=\"600\" height=\"399\" src=\"https:\/\/leoniepointet.ch\/wp-content\/uploads\/sites\/18\/apropos-1-600x399.jpg\" class=\"attachment-medium size-medium\" alt=\"\" srcset=\"https:\/\/leoniepointet.ch\/wp-content\/uploads\/sites\/18\/apropos-1-600x399.jpg 600w, https:\/\/leoniepointet.ch\/wp-content\/uploads\/sites\/18\/apropos-1-1280x850.jpg 1280w, https:\/\/leoniepointet.ch\/wp-content\/uploads\/sites\/18\/apropos-1-768x510.jpg 768w, https:\/\/leoniepointet.ch\/wp-content\/uploads\/sites\/18\/apropos-1-1536x1021.jpg 1536w, https:\/\/leoniepointet.ch\/wp-content\/uploads\/sites\/18\/apropos-1.jpg 1800w\" sizes=\"auto, (max-width: 600px) 100vw, 600px\" \/>\t\t\t\t            <\/figure>\n        <\/div>\n        <div class=\"c-col-6 c-text-block\">\n\t\t\t                <h2>Mein Weg zu den Gipfeln!<\/h2>\n\t\t\t\t\t\t                <p>Um auf h\u00f6chstem Niveau zu spielen, ist jedes Detail wichtig. Zus\u00e4tzlich zu meinem intensiven Training nehme ich viele Auslandsaufenthalte wahr, um die besten Bedingungen zu haben und gegen hochrangige Gegner anzutreten. Diese Erfahrungen helfen mir, meine Strategie zu verfeinern und meine Leistung zu verbessern.  <\/p>\n<p>Internationale Wettbewerbe wie die Europa- und Weltmeisterschaften sind entscheidende Schritte auf meinem Weg nach Los Angeles 2028, um meinen Fortschritt zu sichern.<\/p>\n<p>Parallel dazu studiere ich Physiotherapie, ein notwendiges Gleichgewicht, das es mir erm\u00f6glicht, mich auf meine Zukunft vorzubereiten und gleichzeitig eine ganzheitlichere Sicht auf den K\u00f6rper und die Leistung zu entwickeln.<\/p>\n<p>Der Weg zu Spitzenleistungen ist voller Herausforderungen, aber jeder Moment, den ich meinem Sport widme, bringt mich meinem Traum ein St\u00fcck n\u00e4her.<\/p>\n\t\t\t        <\/div>\n    <\/div>\n<\/div>\n\n\n<div class=\"c-container-wide c-teaser-imgbg  wp-block-acf-general-teaser-wide\">\n\n\t<picture  class='c-teaser-imgbg-img' ><source srcset='https:\/\/leoniepointet.ch\/wp-content\/uploads\/sites\/18\/teaser-competitions-2-1280x720.jpg 1280w, https:\/\/leoniepointet.ch\/wp-content\/uploads\/sites\/18\/teaser-competitions-2-600x338.jpg 600w, https:\/\/leoniepointet.ch\/wp-content\/uploads\/sites\/18\/teaser-competitions-2-768x432.jpg 768w, https:\/\/leoniepointet.ch\/wp-content\/uploads\/sites\/18\/teaser-competitions-2-1536x864.jpg 1536w, https:\/\/leoniepointet.ch\/wp-content\/uploads\/sites\/18\/teaser-competitions-2.jpg 1800w' media='(min-width: 600px)' \/><img decoding='async' src='https:\/\/leoniepointet.ch\/wp-content\/uploads\/sites\/18\/showroom-home-mobile-1-300x300.jpg' srcset='https:\/\/leoniepointet.ch\/wp-content\/uploads\/sites\/18\/showroom-home-mobile-1-386x600.jpg 386w, https:\/\/leoniepointet.ch\/wp-content\/uploads\/sites\/18\/showroom-home-mobile-1-823x1280.jpg 823w, https:\/\/leoniepointet.ch\/wp-content\/uploads\/sites\/18\/showroom-home-mobile-1-768x1195.jpg 768w, https:\/\/leoniepointet.ch\/wp-content\/uploads\/sites\/18\/showroom-home-mobile-1.jpg 900w' alt='' \/><\/picture>    <span class=\"c-img-overlay\"><\/span>\n\n    <div class=\"c-container c-container-no-padding c-teaser-imgbg-text c-text-light\">\n        <div class=\"c-row c-row-align-center c-row-justify-right\">\n            <div class=\"c-col-6\">\n                <div class=\"c-box\">\n                    <div class=\"c-box-inner\">\n\t\t\t\t\t\t                            <span class=\"c-category-title\">Wettk\u00e4mpfe<\/span>\n\t\t\t\t\t\t\t\t\t\t\t\t                            <h2>Meine Saison auf einen Blick<\/h2>\n\t\t\t\t\t\t\t\t\t\t\t\t                            <a class=\"c-btn\" href=\"https:\/\/leoniepointet.ch\/de\/wettkaempfe\/\" target=\"\"><span>Mehr erfahren<\/span><\/a>\n\t\t\t\t\t\t                    <\/div>\n                <\/div>\n            <\/div>\n        <\/div>\n    <\/div>\n\n<\/div>","protected":false},"excerpt":{"rendered":"","protected":false},"author":2,"featured_media":0,"parent":0,"menu_order":0,"comment_status":"closed","ping_status":"closed","template":"","meta":{"_acf_changed":false,"footnotes":""},"class_list":["post-1069","page","type-page","status-publish","hentry"],"acf":[],"_links":{"self":[{"href":"https:\/\/leoniepointet.ch\/de\/wp-json\/wp\/v2\/pages\/1069","targetHints":{"allow":["GET"]}}],"collection":[{"href":"https:\/\/leoniepointet.ch\/de\/wp-json\/wp\/v2\/pages"}],"about":[{"href":"https:\/\/leoniepointet.ch\/de\/wp-json\/wp\/v2\/types\/page"}],"author":[{"embeddable":true,"href":"https:\/\/leoniepointet.ch\/de\/wp-json\/wp\/v2\/users\/2"}],"replies":[{"embeddable":true,"href":"https:\/\/leoniepointet.ch\/de\/wp-json\/wp\/v2\/comments?post=1069"}],"version-history":[{"count":13,"href":"https:\/\/leoniepointet.ch\/de\/wp-json\/wp\/v2\/pages\/1069\/revisions"}],"predecessor-version":[{"id":1645,"href":"https:\/\/leoniepointet.ch\/de\/wp-json\/wp\/v2\/pages\/1069\/revisions\/1645"}],"wp:attachment":[{"href":"https:\/\/leoniepointet.ch\/de\/wp-json\/wp\/v2\/media?parent=1069"}],"curies":[{"name":"wp","href":"https:\/\/api.w.org\/{rel}","templated":true}]}}